{"id":603,"date":"2019-09-05T02:47:36","date_gmt":"2019-09-05T02:47:36","guid":{"rendered":"http:\/\/tienthanhltd.com\/?page_id=603"},"modified":"2025-02-14T09:07:40","modified_gmt":"2025-02-14T09:07:40","slug":"thi-cong-he-thong-lam-mat-nha-xuong","status":"publish","type":"page","link":"https:\/\/tienthanhltd.com\/en\/dich-vu\/thi-cong-he-thong-dieu-hoa\/thi-cong-he-thong-lam-mat-nha-xuong","title":{"rendered":"Thi c\u00f4ng h\u1ec7 th\u1ed1ng l\u00e0m m\u00e1t nh\u00e0 x\u01b0\u1edfng"},"content":{"rendered":"<p class=\"qtranxs-available-languages-message qtranxs-available-languages-message-en\">Sorry, this entry is only available in <a href=\"https:\/\/tienthanhltd.com\/vi\/wp-json\/wp\/v2\/pages\/603\" class=\"qtranxs-available-language-link qtranxs-available-language-link-vi\" title=\"Ti\u1ebfng Vi\u1ec7t\">Ti\u1ebfng Vi\u1ec7t<\/a>.<\/p>","protected":false},"excerpt":{"rendered":"<p>Sorry, this entry is only available in Ti\u1ebfng Vi\u1ec7t.<\/p>\n","protected":false},"author":1,"featured_media":23890,"parent":599,"menu_order":0,"comment_status":"closed","ping_status":"closed","template":"","meta":{"spay_email":"","footnotes":""},"class_list":["post-603","page","type-page","status-publish","has-post-thumbnail","hentry"],"_links":{"self":[{"href":"https:\/\/tienthanhltd.com\/en\/wp-json\/wp\/v2\/pages\/603","targetHints":{"allow":["GET"]}}],"collection":[{"href":"https:\/\/tienthanhltd.com\/en\/wp-json\/wp\/v2\/pages"}],"about":[{"href":"https:\/\/tienthanhltd.com\/en\/wp-json\/wp\/v2\/types\/page"}],"author":[{"embeddable":true,"href":"https:\/\/tienthanhltd.com\/en\/wp-json\/wp\/v2\/users\/1"}],"replies":[{"embeddable":true,"href":"https:\/\/tienthanhltd.com\/en\/wp-json\/wp\/v2\/comments?post=603"}],"version-history":[{"count":3,"href":"https:\/\/tienthanhltd.com\/en\/wp-json\/wp\/v2\/pages\/603\/revisions"}],"predecessor-version":[{"id":23891,"href":"https:\/\/tienthanhltd.com\/en\/wp-json\/wp\/v2\/pages\/603\/revisions\/23891"}],"up":[{"embeddable":true,"href":"https:\/\/tienthanhltd.com\/en\/wp-json\/wp\/v2\/pages\/599"}],"wp:featuredmedia":[{"embeddable":true,"href":"https:\/\/tienthanhltd.com\/en\/wp-json\/wp\/v2\/media\/23890"}],"wp:attachment":[{"href":"https:\/\/tienthanhltd.com\/en\/wp-json\/wp\/v2\/media?parent=603"}],"curies":[{"name":"wp","href":"https:\/\/api.w.org\/{rel}","templated":true}]}}